{"id":1471,"date":"2017-11-29T13:44:59","date_gmt":"2017-11-29T10:44:59","guid":{"rendered":"http:\/\/planetakomforta.ru\/?page_id=1471"},"modified":"2018-01-30T14:38:19","modified_gmt":"2018-01-30T11:38:19","slug":"3sc","status":"publish","type":"page","link":"http:\/\/planetakomforta.ru\/it\/3sc\/","title":{"rendered":"3SC"},"content":{"rendered":"<p>[vc_row][vc_column][vc_column_text]Il design dei prodotti 3SC \u00e8 assolutamente originale e immediatamente riconoscibile. L&#8217;obiettivo dei designer \u00e8 realizzare il migliore equilibrio tra estetica, funzionalit\u00e0 e comfort. Una precisa filosofia progettuale, che caratterizza tutta la produzione dell&#8217;azienda toscana.<\/p>\n<p>Credere nelle emozioni delle forme, ci permette di sognare e di poter creare prodotti pieni di nuove energie. L&#8217;esperienza e la costante ricerca di materiali, la cura nelle lavorazioni, tutte fatte da esperte mani italiane, sono sintetizzate in questo catalogo con armonia e creativit\u00e0.[\/vc_column_text][vc_gallery type=&#8221;image_grid&#8221; images=&#8221;1474,1475,1473,1476,1480,1551,1548,1549,1550,1560,1559&#8243;][\/vc_column][\/vc_row]<\/p>","protected":false},"excerpt":{"rendered":"<p>[vc_row][vc_column][vc_column_text]Il design dei prodotti 3SC \u00e8 assolutamente originale e immediatamente riconoscibile. L&#8217;obiettivo dei designer \u00e8 realizzare il migliore equilibrio tra estetica, funzionalit\u00e0 e comfort. Una precisa filosofia progettuale, che caratterizza tutta la produzione dell&#8217;azienda toscana. Credere nelle emozioni delle forme, ci permette di sognare e di poter creare prodotti pieni di nuove energie. L&#8217;esperienza e<\/p>\n","protected":false},"author":1,"featured_media":1484,"parent":0,"menu_order":1,"comment_status":"closed","ping_status":"closed","template":"","meta":[],"_links":{"self":[{"href":"http:\/\/planetakomforta.ru\/it\/wp-json\/wp\/v2\/pages\/1471"}],"collection":[{"href":"http:\/\/planetakomforta.ru\/it\/wp-json\/wp\/v2\/pages"}],"about":[{"href":"http:\/\/planetakomforta.ru\/it\/wp-json\/wp\/v2\/types\/page"}],"author":[{"embeddable":true,"href":"http:\/\/planetakomforta.ru\/it\/wp-json\/wp\/v2\/users\/1"}],"replies":[{"embeddable":true,"href":"http:\/\/planetakomforta.ru\/it\/wp-json\/wp\/v2\/comments?post=1471"}],"version-history":[{"count":5,"href":"http:\/\/planetakomforta.ru\/it\/wp-json\/wp\/v2\/pages\/1471\/revisions"}],"predecessor-version":[{"id":1563,"href":"http:\/\/planetakomforta.ru\/it\/wp-json\/wp\/v2\/pages\/1471\/revisions\/1563"}],"wp:featuredmedia":[{"embeddable":true,"href":"http:\/\/planetakomforta.ru\/it\/wp-json\/wp\/v2\/media\/1484"}],"wp:attachment":[{"href":"http:\/\/planetakomforta.ru\/it\/wp-json\/wp\/v2\/media?parent=1471"}],"curies":[{"name":"wp","href":"https:\/\/api.w.org\/{rel}","templated":true}]}}