{"id":1803,"date":"2018-01-31T12:00:31","date_gmt":"2018-01-31T09:00:31","guid":{"rendered":"http:\/\/planetakomforta.ru\/?page_id=1803"},"modified":"2018-01-31T12:00:31","modified_gmt":"2018-01-31T09:00:31","slug":"la-bussola-2","status":"publish","type":"page","link":"http:\/\/planetakomforta.ru\/it\/la-bussola-2\/","title":{"rendered":"La Bussola"},"content":{"rendered":"<p>[vc_row][vc_column][vc_column_text]La Bussola comincia nel 1976 a Casinalbo di\u00a0Modena la sua attivit\u00e0 produttiva nell\u2019arredamento bagno.<br \/>\nFin dagli esordi caratterizza le proprie linee per una ispirazione legata al passo dei tempi con una cura artigianale nella lavorazione, utilizzando materiali e finiture di qualit\u00e0 , la sua pi\u00f9 grande peculiarit\u00e0 era e rimane\u00a0<strong>la possibilit\u00e0 di adattare i propri mobili alle esigenze di qualsiasi spazio<\/strong>, ancora oggi \u00e8 possibile richiedere\u00a0<strong>adattamenti su misura<\/strong>\u00a0di molti prodotti a catalogo sia per forme che per colorazioni.[\/vc_column_text][\/vc_column][\/vc_row]<\/p>","protected":false},"excerpt":{"rendered":"<p>[vc_row][vc_column][vc_column_text]La Bussola comincia nel 1976 a Casinalbo di\u00a0Modena la sua attivit\u00e0 produttiva nell\u2019arredamento bagno. Fin dagli esordi caratterizza le proprie linee per una ispirazione legata al passo dei tempi con una cura artigianale nella lavorazione, utilizzando materiali e finiture di qualit\u00e0 , la sua pi\u00f9 grande peculiarit\u00e0 era e rimane\u00a0la possibilit\u00e0 di adattare i propri<\/p>\n","protected":false},"author":1,"featured_media":1806,"parent":0,"menu_order":0,"comment_status":"closed","ping_status":"closed","template":"","meta":[],"_links":{"self":[{"href":"http:\/\/planetakomforta.ru\/it\/wp-json\/wp\/v2\/pages\/1803"}],"collection":[{"href":"http:\/\/planetakomforta.ru\/it\/wp-json\/wp\/v2\/pages"}],"about":[{"href":"http:\/\/planetakomforta.ru\/it\/wp-json\/wp\/v2\/types\/page"}],"author":[{"embeddable":true,"href":"http:\/\/planetakomforta.ru\/it\/wp-json\/wp\/v2\/users\/1"}],"replies":[{"embeddable":true,"href":"http:\/\/planetakomforta.ru\/it\/wp-json\/wp\/v2\/comments?post=1803"}],"version-history":[{"count":1,"href":"http:\/\/planetakomforta.ru\/it\/wp-json\/wp\/v2\/pages\/1803\/revisions"}],"predecessor-version":[{"id":1807,"href":"http:\/\/planetakomforta.ru\/it\/wp-json\/wp\/v2\/pages\/1803\/revisions\/1807"}],"wp:featuredmedia":[{"embeddable":true,"href":"http:\/\/planetakomforta.ru\/it\/wp-json\/wp\/v2\/media\/1806"}],"wp:attachment":[{"href":"http:\/\/planetakomforta.ru\/it\/wp-json\/wp\/v2\/media?parent=1803"}],"curies":[{"name":"wp","href":"https:\/\/api.w.org\/{rel}","templated":true}]}}