{"id":50,"date":"2016-05-17T09:14:37","date_gmt":"2016-05-17T09:14:37","guid":{"rendered":"http:\/\/theemon.com\/b\/bcp-wp\/PlaceHolder\/version-1\/?page_id=50"},"modified":"2018-02-26T11:10:03","modified_gmt":"2018-02-26T08:10:03","slug":"about-us","status":"publish","type":"page","link":"http:\/\/planetakomforta.ru\/it\/about-us\/","title":{"rendered":"Chi siamo"},"content":{"rendered":"<p>[vc_row][vc_column][vc_separator color=&#8221;sky&#8221; border_width=&#8221;2&#8243;][bcp_about title=&#8221;Che facciamo&#8221; sub_title=&#8221;chi siamo&#8221; description_l=&#8221; La societ\u00e0 &#8220;Planet of comfort&#8220; \u00e8 pi\u00f9 recenti sviluppi della Russia leader fabbriche straniere nelle tecnologie di comfort. La migliore tecnica di lusso: televisori design esclusivo, docce a pioggia, e molto altro ancora. la comodit\u00e0 Planet \u00e8 il rappresentante esclusivo di marchi di fama mondiale Otler, WestVision, Braitberry nel mercato russo con la tecnologia premium.&#8221; description_r=&#8221;Vantaggi: consegna gratuita in tutta la Russia, molti anni di esperienza, approccio individuale per i clienti, showroom con prodotti, demo e altro ancora &#8230;&#8221; no_year=&#8221;10&#8243; no_year_text=&#8221;anni sul mercato!&#8221; no_happy_client=&#8221;Un sacco di &#8221; happy_client_text=&#8221;acquirenti felici ;)&#8221;][\/vc_column][\/vc_row][vc_row][vc_column][bcp_core_value title=&#8221;I nostri alleati&#8221; sub_title=&#8221;arena internazionale&#8221; core_list=&#8221;%5B%7B%22core_img%22%3A%22446%22%2C%22Core_title%22%3A%22Russia%22%2C%22core_brief_des%22%3A%22Abbiamo%20una%20vasta%20rete%20di%20partner%20a%20Mosca%20e%20per%20le%20regioni%20del%20paese.%22%7D%2C%7B%22core_img%22%3A%22447%22%2C%22Core_title%22%3A%22UK%22%2C%22core_brief_des%22%3A%22Sul%20nebbiosa%20Albione%20sono%20una%20fabbrica%20per%20la%20produzione%20di%20resistente%20all&#8217;acqua%20TV%20Aquavision%2C%20WestVision%2C%20cos%C3%AC%20come%20soffioni%20Otler.%22%7D%2C%7B%22core_img%22%3A%22448%22%2C%22Core_title%22%3A%22Italia%22%2C%22core_brief_des%22%3A%22Nell&#8217;appennino%20appenninico%20ci%20sono%20molte%20fabbriche%20che%20producono%20sanitari%20e%20mobili%20da%20bagno%20d&#8217;elite%2C%20tra%20cui%20docce%2C%20bagni%2C%20docce%2C%20lavandini%2C%20miscelatori%2C%20nonch%C3%A9%20TV%20a%20specchio.%22%7D%2C%7B%22core_img%22%3A%221022%22%2C%22Core_title%22%3A%22France%22%2C%22core_brief_des%22%3A%22In%20Francia%20lavoriamo%20con%20Agath%20e%20Ox-Home%2C%20che%20producono%20TV%20premium.%20Anche%20in%20questo%20paese%20c&#8217;%C3%A8%20un%20produttore%20di%20miscelatori.%22%7D%5D&#8221;][\/vc_column][\/vc_row][vc_row content_placement=&#8221;middle&#8221;][vc_column][vc_cta h2=&#8221;Guarda la presentazione della nostra azienda.&#8221; h4=&#8221;Descrive brevemente con cosa stiamo lavorando.&#8221; txt_align=&#8221;justify&#8221; shape=&#8221;square&#8221; color=&#8221;black&#8221; add_button=&#8221;right&#8221; btn_title=&#8221;SCARICARE&#8221; btn_style=&#8221;outline-custom&#8221; btn_outline_custom_color=&#8221;#03b6e7&#8243; btn_outline_custom_hover_background=&#8221;#03b6e7&#8243; btn_outline_custom_hover_text=&#8221;#ffffff&#8221; btn_shape=&#8221;square&#8221; btn_link=&#8221;url:http%3A%2F%2Fplanetakomforta.ru%2Fwp-content%2Fuploads%2F2017%2F12%2F%D0%9F%D1%80%D0%B5%D0%B7%D0%B5%D0%BD%D1%82%D0%B0%D1%86%D0%B8%D1%8F-%D0%9F%D0%BB%D0%B0%D0%BD%D0%B5%D1%82%D0%B0-%D0%9A%D0%BE%D0%BC%D1%84%D0%BE%D1%80%D1%82%D0%B0-ENG.pdf||target:%20_blank|&#8221;][\/vc_cta][\/vc_column][\/vc_row]<\/p>","protected":false},"excerpt":{"rendered":"<p>[vc_row][vc_column][vc_separator color=&#8221;sky&#8221; border_width=&#8221;2&#8243;][bcp_about title=&#8221;Che facciamo&#8221; sub_title=&#8221;chi siamo&#8221; description_l=&#8221; La societ\u00e0 &#8220;Planet of comfort&#8220; \u00e8 pi\u00f9 recenti sviluppi della Russia leader fabbriche straniere nelle tecnologie di comfort. La migliore tecnica di lusso: televisori design esclusivo, docce a pioggia, e molto altro ancora. la comodit\u00e0 Planet \u00e8 il rappresentante esclusivo di marchi di fama mondiale Otler, WestVision,<\/p>\n","protected":false},"author":1,"featured_media":0,"parent":0,"menu_order":0,"comment_status":"closed","ping_status":"closed","template":"bcp-js-composer.php","meta":[],"_links":{"self":[{"href":"http:\/\/planetakomforta.ru\/it\/wp-json\/wp\/v2\/pages\/50"}],"collection":[{"href":"http:\/\/planetakomforta.ru\/it\/wp-json\/wp\/v2\/pages"}],"about":[{"href":"http:\/\/planetakomforta.ru\/it\/wp-json\/wp\/v2\/types\/page"}],"author":[{"embeddable":true,"href":"http:\/\/planetakomforta.ru\/it\/wp-json\/wp\/v2\/users\/1"}],"replies":[{"embeddable":true,"href":"http:\/\/planetakomforta.ru\/it\/wp-json\/wp\/v2\/comments?post=50"}],"version-history":[{"count":5,"href":"http:\/\/planetakomforta.ru\/it\/wp-json\/wp\/v2\/pages\/50\/revisions"}],"predecessor-version":[{"id":1925,"href":"http:\/\/planetakomforta.ru\/it\/wp-json\/wp\/v2\/pages\/50\/revisions\/1925"}],"wp:attachment":[{"href":"http:\/\/planetakomforta.ru\/it\/wp-json\/wp\/v2\/media?parent=50"}],"curies":[{"name":"wp","href":"https:\/\/api.w.org\/{rel}","templated":true}]}}