{"id":912,"date":"2017-06-02T11:54:11","date_gmt":"2017-06-02T08:54:11","guid":{"rendered":"http:\/\/test.planetakomforta.ru\/?page_id=912"},"modified":"2017-10-23T14:48:49","modified_gmt":"2017-10-23T11:48:49","slug":"loetra","status":"publish","type":"page","link":"http:\/\/planetakomforta.ru\/it\/loetra\/","title":{"rendered":"Loetra"},"content":{"rendered":"<p>[vc_row][vc_column][vc_column_text]Loetr\u00e0 \u00e8 una giovane e dinamica societ\u00e0 in via di sviluppo storicamente legata ai Greci, che hanno prestato particolare attenzione alla cura della bellezza e del corpo. L&#8217;incarnazione della bellezza e della saggezza mescolata al benessere fisico.<br \/>\nLa flessibilit\u00e0 della societ\u00e0 offre la completa libert\u00e0 di produzione in conformit\u00e0 ai requisiti del cliente.<br \/>\nLa nostra azienda \u00e8 il rappresentante ufficiale.[\/vc_column_text][\/vc_column][\/vc_row]<\/p>","protected":false},"excerpt":{"rendered":"<p>[vc_row][vc_column][vc_column_text]Loetr\u00e0 \u00e8 una giovane e dinamica societ\u00e0 in via di sviluppo storicamente legata ai Greci, che hanno prestato particolare attenzione alla cura della bellezza e del corpo. L&#8217;incarnazione della bellezza e della saggezza mescolata al benessere fisico. La flessibilit\u00e0 della societ\u00e0 offre la completa libert\u00e0 di produzione in conformit\u00e0 ai requisiti del cliente. La nostra<\/p>\n","protected":false},"author":1,"featured_media":913,"parent":0,"menu_order":5,"comment_status":"closed","ping_status":"closed","template":"","meta":[],"_links":{"self":[{"href":"http:\/\/planetakomforta.ru\/it\/wp-json\/wp\/v2\/pages\/912"}],"collection":[{"href":"http:\/\/planetakomforta.ru\/it\/wp-json\/wp\/v2\/pages"}],"about":[{"href":"http:\/\/planetakomforta.ru\/it\/wp-json\/wp\/v2\/types\/page"}],"author":[{"embeddable":true,"href":"http:\/\/planetakomforta.ru\/it\/wp-json\/wp\/v2\/users\/1"}],"replies":[{"embeddable":true,"href":"http:\/\/planetakomforta.ru\/it\/wp-json\/wp\/v2\/comments?post=912"}],"version-history":[{"count":3,"href":"http:\/\/planetakomforta.ru\/it\/wp-json\/wp\/v2\/pages\/912\/revisions"}],"predecessor-version":[{"id":1087,"href":"http:\/\/planetakomforta.ru\/it\/wp-json\/wp\/v2\/pages\/912\/revisions\/1087"}],"wp:featuredmedia":[{"embeddable":true,"href":"http:\/\/planetakomforta.ru\/it\/wp-json\/wp\/v2\/media\/913"}],"wp:attachment":[{"href":"http:\/\/planetakomforta.ru\/it\/wp-json\/wp\/v2\/media?parent=912"}],"curies":[{"name":"wp","href":"https:\/\/api.w.org\/{rel}","templated":true}]}}