{"id":1010,"date":"2017-07-11T11:52:13","date_gmt":"2017-07-11T08:52:13","guid":{"rendered":"http:\/\/planetakomforta.ru\/?page_id=1010"},"modified":"2018-01-18T13:16:12","modified_gmt":"2018-01-18T10:16:12","slug":"ox-home","status":"publish","type":"page","link":"https:\/\/planetakomforta.ru\/it\/ox-home\/","title":{"rendered":"Ox-Home"},"content":{"rendered":"<p>[vc_row][vc_column][vc_column_text]Un&#8217;offerta di prodotti che soddisfa sia aspettative estetiche che funzionali \u00e8 un problema che Ox-Home decide ogni giorno. Da oltre due decenni, l&#8217;azienda si \u00e8 specializzata nella produzione di dispositivi di intrattenimento di alta qualit\u00e0, sviluppati con le tecnologie pi\u00f9 recenti e rivoluzionarie.<br \/>\nLa nostra azienda \u00e8 il rappresentante ufficiale.<\/p>\n<p>Sito web:\u00a0<a href=\"http:\/\/ox-home-russia.ru\">ox-home-russia.ru<\/a>[\/vc_column_text][vc_gallery type=&#8221;image_grid&#8221; images=&#8221;1577,1578&#8243;][\/vc_column][\/vc_row]<\/p>","protected":false},"excerpt":{"rendered":"<p>[vc_row][vc_column][vc_column_text]Un&#8217;offerta di prodotti che soddisfa sia aspettative estetiche che funzionali \u00e8 un problema che Ox-Home decide ogni giorno. Da oltre due decenni, l&#8217;azienda si \u00e8 specializzata nella produzione di dispositivi di intrattenimento di alta qualit\u00e0, sviluppati con le tecnologie pi\u00f9 recenti e rivoluzionarie. La nostra azienda \u00e8 il rappresentante ufficiale. Sito web:\u00a0ox-home-russia.ru[\/vc_column_text][vc_gallery type=&#8221;image_grid&#8221; images=&#8221;1577,1578&#8243;][\/vc_column][\/vc_row]<\/p>\n","protected":false},"author":1,"featured_media":1011,"parent":0,"menu_order":0,"comment_status":"closed","ping_status":"closed","template":"","meta":[],"_links":{"self":[{"href":"https:\/\/planetakomforta.ru\/it\/wp-json\/wp\/v2\/pages\/1010"}],"collection":[{"href":"https:\/\/planetakomforta.ru\/it\/wp-json\/wp\/v2\/pages"}],"about":[{"href":"https:\/\/planetakomforta.ru\/it\/wp-json\/wp\/v2\/types\/page"}],"author":[{"embeddable":true,"href":"https:\/\/planetakomforta.ru\/it\/wp-json\/wp\/v2\/users\/1"}],"replies":[{"embeddable":true,"href":"https:\/\/planetakomforta.ru\/it\/wp-json\/wp\/v2\/comments?post=1010"}],"version-history":[{"count":5,"href":"https:\/\/planetakomforta.ru\/it\/wp-json\/wp\/v2\/pages\/1010\/revisions"}],"predecessor-version":[{"id":1712,"href":"https:\/\/planetakomforta.ru\/it\/wp-json\/wp\/v2\/pages\/1010\/revisions\/1712"}],"wp:featuredmedia":[{"embeddable":true,"href":"https:\/\/planetakomforta.ru\/it\/wp-json\/wp\/v2\/media\/1011"}],"wp:attachment":[{"href":"https:\/\/planetakomforta.ru\/it\/wp-json\/wp\/v2\/media?parent=1010"}],"curies":[{"name":"wp","href":"https:\/\/api.w.org\/{rel}","templated":true}]}}