{"id":1013,"date":"2017-07-11T12:30:27","date_gmt":"2017-07-11T09:30:27","guid":{"rendered":"http:\/\/planetakomforta.ru\/?page_id=1013"},"modified":"2017-10-23T14:48:43","modified_gmt":"2017-10-23T11:48:43","slug":"colavene-s-p-a","status":"publish","type":"page","link":"https:\/\/planetakomforta.ru\/it\/colavene-s-p-a\/","title":{"rendered":"Colavene S.p.a."},"content":{"rendered":"<p>[vc_row][vc_column][vc_column_text]Colavene \u00e8 la prima azienda fondata da Giovanni Colamedisi nel 1968 a Civita Castellana, nell&#8217;area industriale del Lazio. L&#8217;ottimizzazione e il controllo della qualit\u00e0 del processo produttivo sono la base del successo di Colavene. Ogni fase di produzione e montaggio dei prodotti \u00e8 fatta con grande cura e competenza.<br \/>\nLa nostra azienda \u00e8 il rappresentante ufficiale.[\/vc_column_text][\/vc_column][\/vc_row]<\/p>","protected":false},"excerpt":{"rendered":"<p>[vc_row][vc_column][vc_column_text]Colavene \u00e8 la prima azienda fondata da Giovanni Colamedisi nel 1968 a Civita Castellana, nell&#8217;area industriale del Lazio. L&#8217;ottimizzazione e il controllo della qualit\u00e0 del processo produttivo sono la base del successo di Colavene. Ogni fase di produzione e montaggio dei prodotti \u00e8 fatta con grande cura e competenza. La nostra azienda \u00e8 il rappresentante<\/p>\n","protected":false},"author":1,"featured_media":1014,"parent":0,"menu_order":4,"comment_status":"closed","ping_status":"closed","template":"","meta":[],"_links":{"self":[{"href":"https:\/\/planetakomforta.ru\/it\/wp-json\/wp\/v2\/pages\/1013"}],"collection":[{"href":"https:\/\/planetakomforta.ru\/it\/wp-json\/wp\/v2\/pages"}],"about":[{"href":"https:\/\/planetakomforta.ru\/it\/wp-json\/wp\/v2\/types\/page"}],"author":[{"embeddable":true,"href":"https:\/\/planetakomforta.ru\/it\/wp-json\/wp\/v2\/users\/1"}],"replies":[{"embeddable":true,"href":"https:\/\/planetakomforta.ru\/it\/wp-json\/wp\/v2\/comments?post=1013"}],"version-history":[{"count":2,"href":"https:\/\/planetakomforta.ru\/it\/wp-json\/wp\/v2\/pages\/1013\/revisions"}],"predecessor-version":[{"id":1096,"href":"https:\/\/planetakomforta.ru\/it\/wp-json\/wp\/v2\/pages\/1013\/revisions\/1096"}],"wp:featuredmedia":[{"embeddable":true,"href":"https:\/\/planetakomforta.ru\/it\/wp-json\/wp\/v2\/media\/1014"}],"wp:attachment":[{"href":"https:\/\/planetakomforta.ru\/it\/wp-json\/wp\/v2\/media?parent=1013"}],"curies":[{"name":"wp","href":"https:\/\/api.w.org\/{rel}","templated":true}]}}