{"id":1024,"date":"2017-07-12T15:20:48","date_gmt":"2017-07-12T12:20:48","guid":{"rendered":"http:\/\/planetakomforta.ru\/?page_id=1024"},"modified":"2018-01-18T12:49:25","modified_gmt":"2018-01-18T09:49:25","slug":"neod","status":"publish","type":"page","link":"https:\/\/planetakomforta.ru\/it\/neod\/","title":{"rendered":"NEOD"},"content":{"rendered":"<p>[vc_row][vc_column][vc_column_text]NEOD (New Era of Design) \u00e8 un&#8217;azienda dinamica che sviluppa e produce prodotti esclusivi nati dalla passione e dalla capacit\u00e0 di padroneggiare.<br \/>\nOpportunit\u00e0 illimitate per la creazione di prodotti innovativi e soluzioni nel settore del mobile e del design.<br \/>\nLa nostra azienda \u00e8 il rappresentante ufficiale.[\/vc_column_text][\/vc_column][\/vc_row]<\/p>","protected":false},"excerpt":{"rendered":"<p>[vc_row][vc_column][vc_column_text]NEOD (New Era of Design) \u00e8 un&#8217;azienda dinamica che sviluppa e produce prodotti esclusivi nati dalla passione e dalla capacit\u00e0 di padroneggiare. Opportunit\u00e0 illimitate per la creazione di prodotti innovativi e soluzioni nel settore del mobile e del design. La nostra azienda \u00e8 il rappresentante ufficiale.[\/vc_column_text][\/vc_column][\/vc_row]<\/p>\n","protected":false},"author":1,"featured_media":1025,"parent":0,"menu_order":0,"comment_status":"closed","ping_status":"closed","template":"","meta":[],"_links":{"self":[{"href":"https:\/\/planetakomforta.ru\/it\/wp-json\/wp\/v2\/pages\/1024"}],"collection":[{"href":"https:\/\/planetakomforta.ru\/it\/wp-json\/wp\/v2\/pages"}],"about":[{"href":"https:\/\/planetakomforta.ru\/it\/wp-json\/wp\/v2\/types\/page"}],"author":[{"embeddable":true,"href":"https:\/\/planetakomforta.ru\/it\/wp-json\/wp\/v2\/users\/1"}],"replies":[{"embeddable":true,"href":"https:\/\/planetakomforta.ru\/it\/wp-json\/wp\/v2\/comments?post=1024"}],"version-history":[{"count":3,"href":"https:\/\/planetakomforta.ru\/it\/wp-json\/wp\/v2\/pages\/1024\/revisions"}],"predecessor-version":[{"id":1708,"href":"https:\/\/planetakomforta.ru\/it\/wp-json\/wp\/v2\/pages\/1024\/revisions\/1708"}],"wp:featuredmedia":[{"embeddable":true,"href":"https:\/\/planetakomforta.ru\/it\/wp-json\/wp\/v2\/media\/1025"}],"wp:attachment":[{"href":"https:\/\/planetakomforta.ru\/it\/wp-json\/wp\/v2\/media?parent=1024"}],"curies":[{"name":"wp","href":"https:\/\/api.w.org\/{rel}","templated":true}]}}