{"id":1027,"date":"2017-07-12T15:54:19","date_gmt":"2017-07-12T12:54:19","guid":{"rendered":"http:\/\/planetakomforta.ru\/?page_id=1027"},"modified":"2017-10-23T14:48:30","modified_gmt":"2017-10-23T11:48:30","slug":"hafro-geronim","status":"publish","type":"page","link":"https:\/\/planetakomforta.ru\/it\/hafro-geronim\/","title":{"rendered":"Hafro-Geronim"},"content":{"rendered":"<p>[vc_row][vc_column][vc_column_text]Hafro \u00e8 un progetto in costante evoluzione. L&#8217;idea, che combina materiali di alta qualit\u00e0, design moderno, elevate prestazioni e accessibilit\u00e0. Bagni idromassaggio, colonne doccia, cabine doccia multifunzione, generatori di vapore, bagni turchi e piscine all&#8217;aperto, sviluppate da un team altamente qualificato, in collaborazione con progettisti e professionisti.[\/vc_column_text][\/vc_column][\/vc_row]<\/p>","protected":false},"excerpt":{"rendered":"<p>[vc_row][vc_column][vc_column_text]Hafro \u00e8 un progetto in costante evoluzione. L&#8217;idea, che combina materiali di alta qualit\u00e0, design moderno, elevate prestazioni e accessibilit\u00e0. Bagni idromassaggio, colonne doccia, cabine doccia multifunzione, generatori di vapore, bagni turchi e piscine all&#8217;aperto, sviluppate da un team altamente qualificato, in collaborazione con progettisti e professionisti.[\/vc_column_text][\/vc_column][\/vc_row]<\/p>\n","protected":false},"author":1,"featured_media":1028,"parent":0,"menu_order":3,"comment_status":"closed","ping_status":"closed","template":"","meta":[],"_links":{"self":[{"href":"https:\/\/planetakomforta.ru\/it\/wp-json\/wp\/v2\/pages\/1027"}],"collection":[{"href":"https:\/\/planetakomforta.ru\/it\/wp-json\/wp\/v2\/pages"}],"about":[{"href":"https:\/\/planetakomforta.ru\/it\/wp-json\/wp\/v2\/types\/page"}],"author":[{"embeddable":true,"href":"https:\/\/planetakomforta.ru\/it\/wp-json\/wp\/v2\/users\/1"}],"replies":[{"embeddable":true,"href":"https:\/\/planetakomforta.ru\/it\/wp-json\/wp\/v2\/comments?post=1027"}],"version-history":[{"count":2,"href":"https:\/\/planetakomforta.ru\/it\/wp-json\/wp\/v2\/pages\/1027\/revisions"}],"predecessor-version":[{"id":1098,"href":"https:\/\/planetakomforta.ru\/it\/wp-json\/wp\/v2\/pages\/1027\/revisions\/1098"}],"wp:featuredmedia":[{"embeddable":true,"href":"https:\/\/planetakomforta.ru\/it\/wp-json\/wp\/v2\/media\/1028"}],"wp:attachment":[{"href":"https:\/\/planetakomforta.ru\/it\/wp-json\/wp\/v2\/media?parent=1027"}],"curies":[{"name":"wp","href":"https:\/\/api.w.org\/{rel}","templated":true}]}}