{"id":1791,"date":"2018-01-30T14:56:57","date_gmt":"2018-01-30T11:56:57","guid":{"rendered":"http:\/\/planetakomforta.ru\/?page_id=1791"},"modified":"2018-01-30T14:56:57","modified_gmt":"2018-01-30T11:56:57","slug":"linki","status":"publish","type":"page","link":"https:\/\/planetakomforta.ru\/it\/linki\/","title":{"rendered":"Linki"},"content":{"rendered":"<p>[vc_row][vc_column][vc_column_text]Linki srl nasce dall&#8217;idea di creare serie di rubinetteria innovative che uniscono design e praticit\u00e0 per un uso quotidiano del rubinetto. La partecipazione di AeT Italia, nota nel mercato mondiale per la sua qualit\u00e0 e originalit\u00e0 nei prodotti, porta le sue caratteristiche nella rubinetteria con idee innovative, forme nuove e materiali ecosostenibili.[\/vc_column_text][\/vc_column][\/vc_row]<\/p>","protected":false},"excerpt":{"rendered":"<p>[vc_row][vc_column][vc_column_text]Linki srl nasce dall&#8217;idea di creare serie di rubinetteria innovative che uniscono design e praticit\u00e0 per un uso quotidiano del rubinetto. La partecipazione di AeT Italia, nota nel mercato mondiale per la sua qualit\u00e0 e originalit\u00e0 nei prodotti, porta le sue caratteristiche nella rubinetteria con idee innovative, forme nuove e materiali ecosostenibili.[\/vc_column_text][\/vc_column][\/vc_row]<\/p>\n","protected":false},"author":1,"featured_media":1793,"parent":0,"menu_order":0,"comment_status":"closed","ping_status":"closed","template":"","meta":[],"_links":{"self":[{"href":"https:\/\/planetakomforta.ru\/it\/wp-json\/wp\/v2\/pages\/1791"}],"collection":[{"href":"https:\/\/planetakomforta.ru\/it\/wp-json\/wp\/v2\/pages"}],"about":[{"href":"https:\/\/planetakomforta.ru\/it\/wp-json\/wp\/v2\/types\/page"}],"author":[{"embeddable":true,"href":"https:\/\/planetakomforta.ru\/it\/wp-json\/wp\/v2\/users\/1"}],"replies":[{"embeddable":true,"href":"https:\/\/planetakomforta.ru\/it\/wp-json\/wp\/v2\/comments?post=1791"}],"version-history":[{"count":1,"href":"https:\/\/planetakomforta.ru\/it\/wp-json\/wp\/v2\/pages\/1791\/revisions"}],"predecessor-version":[{"id":1794,"href":"https:\/\/planetakomforta.ru\/it\/wp-json\/wp\/v2\/pages\/1791\/revisions\/1794"}],"wp:featuredmedia":[{"embeddable":true,"href":"https:\/\/planetakomforta.ru\/it\/wp-json\/wp\/v2\/media\/1793"}],"wp:attachment":[{"href":"https:\/\/planetakomforta.ru\/it\/wp-json\/wp\/v2\/media?parent=1791"}],"curies":[{"name":"wp","href":"https:\/\/api.w.org\/{rel}","templated":true}]}}