{"id":739,"date":"2017-05-19T11:04:10","date_gmt":"2017-05-19T08:04:10","guid":{"rendered":"http:\/\/test.planetakomforta.ru\/?page_id=739"},"modified":"2018-01-31T12:48:35","modified_gmt":"2018-01-31T09:48:35","slug":"tender-rain","status":"publish","type":"page","link":"https:\/\/planetakomforta.ru\/it\/tender-rain\/","title":{"rendered":"Tender Rain"},"content":{"rendered":"<p>Made in Italy, Design esclusivo, Vasta scelta di gamma. Per la produzione vengono usati solo i materiali di qualit\u00e0 eco-compatibili.<br \/>\nCon tali impianti sanitari lo stanzino da bagno non solo sar\u00e0 bella ed elegante ma anche diventer\u00e0 il luogo di Vostro riposo.<\/p>","protected":false},"excerpt":{"rendered":"<p>Made in Italy, Design esclusivo, Vasta scelta di gamma. Per la produzione vengono usati solo i materiali di qualit\u00e0 eco-compatibili. Con tali impianti sanitari lo stanzino da bagno non solo sar\u00e0 bella ed elegante ma anche diventer\u00e0 il luogo di Vostro riposo.<\/p>\n","protected":false},"author":1,"featured_media":1813,"parent":0,"menu_order":0,"comment_status":"closed","ping_status":"closed","template":"","meta":[],"_links":{"self":[{"href":"https:\/\/planetakomforta.ru\/it\/wp-json\/wp\/v2\/pages\/739"}],"collection":[{"href":"https:\/\/planetakomforta.ru\/it\/wp-json\/wp\/v2\/pages"}],"about":[{"href":"https:\/\/planetakomforta.ru\/it\/wp-json\/wp\/v2\/types\/page"}],"author":[{"embeddable":true,"href":"https:\/\/planetakomforta.ru\/it\/wp-json\/wp\/v2\/users\/1"}],"replies":[{"embeddable":true,"href":"https:\/\/planetakomforta.ru\/it\/wp-json\/wp\/v2\/comments?post=739"}],"version-history":[{"count":5,"href":"https:\/\/planetakomforta.ru\/it\/wp-json\/wp\/v2\/pages\/739\/revisions"}],"predecessor-version":[{"id":1820,"href":"https:\/\/planetakomforta.ru\/it\/wp-json\/wp\/v2\/pages\/739\/revisions\/1820"}],"wp:featuredmedia":[{"embeddable":true,"href":"https:\/\/planetakomforta.ru\/it\/wp-json\/wp\/v2\/media\/1813"}],"wp:attachment":[{"href":"https:\/\/planetakomforta.ru\/it\/wp-json\/wp\/v2\/media?parent=739"}],"curies":[{"name":"wp","href":"https:\/\/api.w.org\/{rel}","templated":true}]}}