{"id":796,"date":"2017-05-19T12:42:22","date_gmt":"2017-05-19T09:42:22","guid":{"rendered":"http:\/\/test.planetakomforta.ru\/?page_id=796"},"modified":"2018-01-30T15:23:48","modified_gmt":"2018-01-30T12:23:48","slug":"qin-by-vetreria-gobbini","status":"publish","type":"page","link":"https:\/\/planetakomforta.ru\/it\/qin-by-vetreria-gobbini\/","title":{"rendered":"Q\u2019in by Gobbini"},"content":{"rendered":"<p>[vc_row][vc_column][vc_column_text]Q&#8217;in \u00e8 una combinazione di esperienza e abilit\u00e0.<br \/>\nQuesto marchio \u00e8 nato pi\u00f9 di 20 anni fa. L&#8217;azienda produce mobili per bagni di alta classe. Garantiamo un&#8217;alta qualit\u00e0.<br \/>\nSe hai domande, contattaci.<br \/>\nLa nostra azienda \u00e8 il rappresentante ufficiale.[\/vc_column_text][vc_gallery type=&#8221;image_grid&#8221; images=&#8221;1581,1582&#8243;][\/vc_column][\/vc_row]<\/p>","protected":false},"excerpt":{"rendered":"<p>[vc_row][vc_column][vc_column_text]Q&#8217;in \u00e8 una combinazione di esperienza e abilit\u00e0. Questo marchio \u00e8 nato pi\u00f9 di 20 anni fa. L&#8217;azienda produce mobili per bagni di alta classe. Garantiamo un&#8217;alta qualit\u00e0. Se hai domande, contattaci. La nostra azienda \u00e8 il rappresentante ufficiale.[\/vc_column_text][vc_gallery type=&#8221;image_grid&#8221; images=&#8221;1581,1582&#8243;][\/vc_column][\/vc_row]<\/p>\n","protected":false},"author":1,"featured_media":1797,"parent":0,"menu_order":1,"comment_status":"closed","ping_status":"closed","template":"","meta":[],"_links":{"self":[{"href":"https:\/\/planetakomforta.ru\/it\/wp-json\/wp\/v2\/pages\/796"}],"collection":[{"href":"https:\/\/planetakomforta.ru\/it\/wp-json\/wp\/v2\/pages"}],"about":[{"href":"https:\/\/planetakomforta.ru\/it\/wp-json\/wp\/v2\/types\/page"}],"author":[{"embeddable":true,"href":"https:\/\/planetakomforta.ru\/it\/wp-json\/wp\/v2\/users\/1"}],"replies":[{"embeddable":true,"href":"https:\/\/planetakomforta.ru\/it\/wp-json\/wp\/v2\/comments?post=796"}],"version-history":[{"count":5,"href":"https:\/\/planetakomforta.ru\/it\/wp-json\/wp\/v2\/pages\/796\/revisions"}],"predecessor-version":[{"id":1583,"href":"https:\/\/planetakomforta.ru\/it\/wp-json\/wp\/v2\/pages\/796\/revisions\/1583"}],"wp:featuredmedia":[{"embeddable":true,"href":"https:\/\/planetakomforta.ru\/it\/wp-json\/wp\/v2\/media\/1797"}],"wp:attachment":[{"href":"https:\/\/planetakomforta.ru\/it\/wp-json\/wp\/v2\/media?parent=796"}],"curies":[{"name":"wp","href":"https:\/\/api.w.org\/{rel}","templated":true}]}}