{"id":798,"date":"2017-05-19T12:43:13","date_gmt":"2017-05-19T09:43:13","guid":{"rendered":"http:\/\/test.planetakomforta.ru\/?page_id=798"},"modified":"2018-01-15T15:47:21","modified_gmt":"2018-01-15T12:47:21","slug":"relax-cabine-doccia","status":"publish","type":"page","link":"https:\/\/planetakomforta.ru\/it\/relax-cabine-doccia\/","title":{"rendered":"Relax Cabine Doccia"},"content":{"rendered":"<p>[vc_row][vc_column][vc_column_text]La societ\u00e0 Relax ha una lunga storia e un&#8217;esperienza nel campo delle cabine doccia eleganti.<br \/>\nRelax \u00e8 sinonimo di qualit\u00e0 garantita dalla societ\u00e0 stessa.<br \/>\nSe hai domande, contattaci.<br \/>\nLa nostra azienda \u00e8 il rappresentante ufficiale.[\/vc_column_text][vc_gallery type=&#8221;image_grid&#8221; images=&#8221;1564,1426,1425,1422,1421,1420&#8243;][\/vc_column][\/vc_row]<\/p>","protected":false},"excerpt":{"rendered":"<p>[vc_row][vc_column][vc_column_text]La societ\u00e0 Relax ha una lunga storia e un&#8217;esperienza nel campo delle cabine doccia eleganti. Relax \u00e8 sinonimo di qualit\u00e0 garantita dalla societ\u00e0 stessa. Se hai domande, contattaci. La nostra azienda \u00e8 il rappresentante ufficiale.[\/vc_column_text][vc_gallery type=&#8221;image_grid&#8221; images=&#8221;1564,1426,1425,1422,1421,1420&#8243;][\/vc_column][\/vc_row]<\/p>\n","protected":false},"author":1,"featured_media":854,"parent":0,"menu_order":10,"comment_status":"closed","ping_status":"closed","template":"","meta":[],"_links":{"self":[{"href":"https:\/\/planetakomforta.ru\/it\/wp-json\/wp\/v2\/pages\/798"}],"collection":[{"href":"https:\/\/planetakomforta.ru\/it\/wp-json\/wp\/v2\/pages"}],"about":[{"href":"https:\/\/planetakomforta.ru\/it\/wp-json\/wp\/v2\/types\/page"}],"author":[{"embeddable":true,"href":"https:\/\/planetakomforta.ru\/it\/wp-json\/wp\/v2\/users\/1"}],"replies":[{"embeddable":true,"href":"https:\/\/planetakomforta.ru\/it\/wp-json\/wp\/v2\/comments?post=798"}],"version-history":[{"count":5,"href":"https:\/\/planetakomforta.ru\/it\/wp-json\/wp\/v2\/pages\/798\/revisions"}],"predecessor-version":[{"id":1565,"href":"https:\/\/planetakomforta.ru\/it\/wp-json\/wp\/v2\/pages\/798\/revisions\/1565"}],"wp:featuredmedia":[{"embeddable":true,"href":"https:\/\/planetakomforta.ru\/it\/wp-json\/wp\/v2\/media\/854"}],"wp:attachment":[{"href":"https:\/\/planetakomforta.ru\/it\/wp-json\/wp\/v2\/media?parent=798"}],"curies":[{"name":"wp","href":"https:\/\/api.w.org\/{rel}","templated":true}]}}