{"id":808,"date":"2017-05-19T12:52:30","date_gmt":"2017-05-19T09:52:30","guid":{"rendered":"http:\/\/test.planetakomforta.ru\/?page_id=808"},"modified":"2018-02-08T15:11:42","modified_gmt":"2018-02-08T12:11:42","slug":"westvision","status":"publish","type":"page","link":"https:\/\/planetakomforta.ru\/it\/westvision\/","title":{"rendered":"Westvision"},"content":{"rendered":"<p>[vc_row][vc_column][vc_column_text]L&#8217;arte delle alte tecnologie<\/p>\n<p>Il marchio inglese Westvison ha goduto di enorme popolarit\u00e0 all&#8217;estero per molti anni a causa delle propriet\u00e0 uniche dei suoi televisori. In Russia, i prodotti della societ\u00e0 trovano facilmente anche i loro clienti, perch\u00e9 combina un design di prima classe e caratteristiche tecniche uniche.<br \/>\nLa nostra azienda \u00e8 il fornitore ufficiale.<\/p>\n<p>Sito web:\u00a0<a href=\"http:\/\/westvision.ru\">westvision.ru<\/a>[\/vc_column_text][\/vc_column][\/vc_row]<\/p>","protected":false},"excerpt":{"rendered":"<p>[vc_row][vc_column][vc_column_text]L&#8217;arte delle alte tecnologie Il marchio inglese Westvison ha goduto di enorme popolarit\u00e0 all&#8217;estero per molti anni a causa delle propriet\u00e0 uniche dei suoi televisori. In Russia, i prodotti della societ\u00e0 trovano facilmente anche i loro clienti, perch\u00e9 combina un design di prima classe e caratteristiche tecniche uniche. La nostra azienda \u00e8 il fornitore ufficiale.<\/p>\n","protected":false},"author":1,"featured_media":856,"parent":0,"menu_order":5,"comment_status":"closed","ping_status":"closed","template":"","meta":[],"_links":{"self":[{"href":"https:\/\/planetakomforta.ru\/it\/wp-json\/wp\/v2\/pages\/808"}],"collection":[{"href":"https:\/\/planetakomforta.ru\/it\/wp-json\/wp\/v2\/pages"}],"about":[{"href":"https:\/\/planetakomforta.ru\/it\/wp-json\/wp\/v2\/types\/page"}],"author":[{"embeddable":true,"href":"https:\/\/planetakomforta.ru\/it\/wp-json\/wp\/v2\/users\/1"}],"replies":[{"embeddable":true,"href":"https:\/\/planetakomforta.ru\/it\/wp-json\/wp\/v2\/comments?post=808"}],"version-history":[{"count":5,"href":"https:\/\/planetakomforta.ru\/it\/wp-json\/wp\/v2\/pages\/808\/revisions"}],"predecessor-version":[{"id":1898,"href":"https:\/\/planetakomforta.ru\/it\/wp-json\/wp\/v2\/pages\/808\/revisions\/1898"}],"wp:featuredmedia":[{"embeddable":true,"href":"https:\/\/planetakomforta.ru\/it\/wp-json\/wp\/v2\/media\/856"}],"wp:attachment":[{"href":"https:\/\/planetakomforta.ru\/it\/wp-json\/wp\/v2\/media?parent=808"}],"curies":[{"name":"wp","href":"https:\/\/api.w.org\/{rel}","templated":true}]}}