{"id":810,"date":"2017-05-19T13:10:50","date_gmt":"2017-05-19T10:10:50","guid":{"rendered":"http:\/\/test.planetakomforta.ru\/?page_id=810"},"modified":"2018-02-22T11:49:16","modified_gmt":"2018-02-22T08:49:16","slug":"aquavision","status":"publish","type":"page","link":"https:\/\/planetakomforta.ru\/it\/aquavision\/","title":{"rendered":"Aquavision"},"content":{"rendered":"<p>[vc_row][vc_column][vc_column_text]Dal 1997, questa societ\u00e0 ci fa cambiare idea di guardare la TV. Il bilanciamento dell&#8217;eleganza e delle elevate prestazioni d\u00e0 a queste TV resistenti all&#8217;umidit\u00e0 le migliori valutazioni.<br \/>\nPer qualsiasi domanda contatta per posta o per chiamata.<br \/>\nLa nostra azienda \u00e8 il rappresentante ufficiale.<\/p>\n<p>Sito web:\u00a0<a href=\"http:\/\/aquavision-russia.ru\">aquavision-russia.ru<\/a>[\/vc_column_text][\/vc_column][\/vc_row]<\/p>","protected":false},"excerpt":{"rendered":"<p>[vc_row][vc_column][vc_column_text]Dal 1997, questa societ\u00e0 ci fa cambiare idea di guardare la TV. Il bilanciamento dell&#8217;eleganza e delle elevate prestazioni d\u00e0 a queste TV resistenti all&#8217;umidit\u00e0 le migliori valutazioni. Per qualsiasi domanda contatta per posta o per chiamata. La nostra azienda \u00e8 il rappresentante ufficiale. Sito web:\u00a0aquavision-russia.ru[\/vc_column_text][\/vc_column][\/vc_row]<\/p>\n","protected":false},"author":1,"featured_media":857,"parent":0,"menu_order":3,"comment_status":"closed","ping_status":"closed","template":"","meta":[],"_links":{"self":[{"href":"https:\/\/planetakomforta.ru\/it\/wp-json\/wp\/v2\/pages\/810"}],"collection":[{"href":"https:\/\/planetakomforta.ru\/it\/wp-json\/wp\/v2\/pages"}],"about":[{"href":"https:\/\/planetakomforta.ru\/it\/wp-json\/wp\/v2\/types\/page"}],"author":[{"embeddable":true,"href":"https:\/\/planetakomforta.ru\/it\/wp-json\/wp\/v2\/users\/1"}],"replies":[{"embeddable":true,"href":"https:\/\/planetakomforta.ru\/it\/wp-json\/wp\/v2\/comments?post=810"}],"version-history":[{"count":5,"href":"https:\/\/planetakomforta.ru\/it\/wp-json\/wp\/v2\/pages\/810\/revisions"}],"predecessor-version":[{"id":1916,"href":"https:\/\/planetakomforta.ru\/it\/wp-json\/wp\/v2\/pages\/810\/revisions\/1916"}],"wp:featuredmedia":[{"embeddable":true,"href":"https:\/\/planetakomforta.ru\/it\/wp-json\/wp\/v2\/media\/857"}],"wp:attachment":[{"href":"https:\/\/planetakomforta.ru\/it\/wp-json\/wp\/v2\/media?parent=810"}],"curies":[{"name":"wp","href":"https:\/\/api.w.org\/{rel}","templated":true}]}}