{"id":814,"date":"2017-05-19T13:14:16","date_gmt":"2017-05-19T10:14:16","guid":{"rendered":"http:\/\/test.planetakomforta.ru\/?page_id=814"},"modified":"2018-01-18T12:31:58","modified_gmt":"2018-01-18T09:31:58","slug":"proofvision","status":"publish","type":"page","link":"https:\/\/planetakomforta.ru\/it\/proofvision\/","title":{"rendered":"Proofvision"},"content":{"rendered":"<p>[vc_row][vc_column][vc_column_text]La Proofvision porta alla tua attenzione una radio resistente all&#8217;umidit\u00e0.<\/p>\n<p>\u00c8 possibile controllare la musica dal tuo smartphone o utilizzando un touch screen che \u00e8 incorporato nel muro.<br \/>\nSoluzione musicale per il bagno, sistema di controllo a parete e colonne a soffitto (30 watt).<br \/>\nLa nostra azienda \u00e8 il fornitore ufficiale.[\/vc_column_text][vc_gallery type=&#8221;image_grid&#8221; images=&#8221;1230,1327,1326&#8243;][\/vc_column][\/vc_row]<\/p>","protected":false},"excerpt":{"rendered":"<p>[vc_row][vc_column][vc_column_text]La Proofvision porta alla tua attenzione una radio resistente all&#8217;umidit\u00e0. \u00c8 possibile controllare la musica dal tuo smartphone o utilizzando un touch screen che \u00e8 incorporato nel muro. Soluzione musicale per il bagno, sistema di controllo a parete e colonne a soffitto (30 watt). La nostra azienda \u00e8 il fornitore ufficiale.[\/vc_column_text][vc_gallery type=&#8221;image_grid&#8221; images=&#8221;1230,1327,1326&#8243;][\/vc_column][\/vc_row]<\/p>\n","protected":false},"author":1,"featured_media":860,"parent":0,"menu_order":6,"comment_status":"closed","ping_status":"closed","template":"","meta":[],"_links":{"self":[{"href":"https:\/\/planetakomforta.ru\/it\/wp-json\/wp\/v2\/pages\/814"}],"collection":[{"href":"https:\/\/planetakomforta.ru\/it\/wp-json\/wp\/v2\/pages"}],"about":[{"href":"https:\/\/planetakomforta.ru\/it\/wp-json\/wp\/v2\/types\/page"}],"author":[{"embeddable":true,"href":"https:\/\/planetakomforta.ru\/it\/wp-json\/wp\/v2\/users\/1"}],"replies":[{"embeddable":true,"href":"https:\/\/planetakomforta.ru\/it\/wp-json\/wp\/v2\/comments?post=814"}],"version-history":[{"count":5,"href":"https:\/\/planetakomforta.ru\/it\/wp-json\/wp\/v2\/pages\/814\/revisions"}],"predecessor-version":[{"id":1704,"href":"https:\/\/planetakomforta.ru\/it\/wp-json\/wp\/v2\/pages\/814\/revisions\/1704"}],"wp:featuredmedia":[{"embeddable":true,"href":"https:\/\/planetakomforta.ru\/it\/wp-json\/wp\/v2\/media\/860"}],"wp:attachment":[{"href":"https:\/\/planetakomforta.ru\/it\/wp-json\/wp\/v2\/media?parent=814"}],"curies":[{"name":"wp","href":"https:\/\/api.w.org\/{rel}","templated":true}]}}