{"id":907,"date":"2017-05-31T14:13:07","date_gmt":"2017-05-31T11:13:07","guid":{"rendered":"http:\/\/test.planetakomforta.ru\/?page_id=907"},"modified":"2017-10-23T14:49:10","modified_gmt":"2017-10-23T11:49:10","slug":"piuesse","status":"publish","type":"page","link":"https:\/\/planetakomforta.ru\/it\/piuesse\/","title":{"rendered":"Pi\u00f9esse"},"content":{"rendered":"<p>[vc_row][vc_column][vc_column_text]Amiamo il bello design, ma lo amiamo ancora di pi\u00f9 quando trasmette funzionalit\u00e0 e solidit\u00e0.<br \/>\nLa nostra formula: UNIQUENESS ECCEZIONALE, tutti i prodotti sono adatti a ogni esigenza e ogni soggetto interno.<br \/>\nLa nostra azienda \u00e8 il rappresentante ufficiale.[\/vc_column_text][\/vc_column][\/vc_row]<\/p>","protected":false},"excerpt":{"rendered":"<p>[vc_row][vc_column][vc_column_text]Amiamo il bello design, ma lo amiamo ancora di pi\u00f9 quando trasmette funzionalit\u00e0 e solidit\u00e0. La nostra formula: UNIQUENESS ECCEZIONALE, tutti i prodotti sono adatti a ogni esigenza e ogni soggetto interno. La nostra azienda \u00e8 il rappresentante ufficiale.[\/vc_column_text][\/vc_column][\/vc_row]<\/p>\n","protected":false},"author":1,"featured_media":908,"parent":0,"menu_order":7,"comment_status":"closed","ping_status":"closed","template":"","meta":[],"_links":{"self":[{"href":"https:\/\/planetakomforta.ru\/it\/wp-json\/wp\/v2\/pages\/907"}],"collection":[{"href":"https:\/\/planetakomforta.ru\/it\/wp-json\/wp\/v2\/pages"}],"about":[{"href":"https:\/\/planetakomforta.ru\/it\/wp-json\/wp\/v2\/types\/page"}],"author":[{"embeddable":true,"href":"https:\/\/planetakomforta.ru\/it\/wp-json\/wp\/v2\/users\/1"}],"replies":[{"embeddable":true,"href":"https:\/\/planetakomforta.ru\/it\/wp-json\/wp\/v2\/comments?post=907"}],"version-history":[{"count":5,"href":"https:\/\/planetakomforta.ru\/it\/wp-json\/wp\/v2\/pages\/907\/revisions"}],"predecessor-version":[{"id":1089,"href":"https:\/\/planetakomforta.ru\/it\/wp-json\/wp\/v2\/pages\/907\/revisions\/1089"}],"wp:featuredmedia":[{"embeddable":true,"href":"https:\/\/planetakomforta.ru\/it\/wp-json\/wp\/v2\/media\/908"}],"wp:attachment":[{"href":"https:\/\/planetakomforta.ru\/it\/wp-json\/wp\/v2\/media?parent=907"}],"curies":[{"name":"wp","href":"https:\/\/api.w.org\/{rel}","templated":true}]}}