{"id":930,"date":"2017-07-05T16:30:55","date_gmt":"2017-07-05T13:30:55","guid":{"rendered":"http:\/\/planetakomforta.ru\/?page_id=930"},"modified":"2018-01-18T12:37:00","modified_gmt":"2018-01-18T09:37:00","slug":"xeniadesign","status":"publish","type":"page","link":"https:\/\/planetakomforta.ru\/it\/xeniadesign\/","title":{"rendered":"XeniaDesign"},"content":{"rendered":"<p>[vc_row][vc_column][vc_column_text]TV di lusso su ordine XeniaDesign da Italia.<br \/>\nL&#8217;idea di una TV nello specchio \u00e8 nata a causa della necessit\u00e0 di eleganza, che d\u00e0 il lusso alla stanza.<br \/>\nI televisori sono completamente su misura secondo le esigenze del cliente.<br \/>\nLa nostra azienda \u00e8 il rappresentante ufficiale.<\/p>\n<p>Sito web:\u00a0<a href=\"http:\/\/xeniadesign-russia.ru\">xeniadesign-russia.ru<\/a>[\/vc_column_text][vc_gallery type=&#8221;image_grid&#8221; images=&#8221;1566,1567,1568&#8243;][\/vc_column][\/vc_row]<\/p>","protected":false},"excerpt":{"rendered":"<p>[vc_row][vc_column][vc_column_text]TV di lusso su ordine XeniaDesign da Italia. L&#8217;idea di una TV nello specchio \u00e8 nata a causa della necessit\u00e0 di eleganza, che d\u00e0 il lusso alla stanza. I televisori sono completamente su misura secondo le esigenze del cliente. La nostra azienda \u00e8 il rappresentante ufficiale. Sito web:\u00a0xeniadesign-russia.ru[\/vc_column_text][vc_gallery type=&#8221;image_grid&#8221; images=&#8221;1566,1567,1568&#8243;][\/vc_column][\/vc_row]<\/p>\n","protected":false},"author":1,"featured_media":971,"parent":0,"menu_order":1,"comment_status":"closed","ping_status":"closed","template":"","meta":[],"_links":{"self":[{"href":"https:\/\/planetakomforta.ru\/it\/wp-json\/wp\/v2\/pages\/930"}],"collection":[{"href":"https:\/\/planetakomforta.ru\/it\/wp-json\/wp\/v2\/pages"}],"about":[{"href":"https:\/\/planetakomforta.ru\/it\/wp-json\/wp\/v2\/types\/page"}],"author":[{"embeddable":true,"href":"https:\/\/planetakomforta.ru\/it\/wp-json\/wp\/v2\/users\/1"}],"replies":[{"embeddable":true,"href":"https:\/\/planetakomforta.ru\/it\/wp-json\/wp\/v2\/comments?post=930"}],"version-history":[{"count":5,"href":"https:\/\/planetakomforta.ru\/it\/wp-json\/wp\/v2\/pages\/930\/revisions"}],"predecessor-version":[{"id":1706,"href":"https:\/\/planetakomforta.ru\/it\/wp-json\/wp\/v2\/pages\/930\/revisions\/1706"}],"wp:featuredmedia":[{"embeddable":true,"href":"https:\/\/planetakomforta.ru\/it\/wp-json\/wp\/v2\/media\/971"}],"wp:attachment":[{"href":"https:\/\/planetakomforta.ru\/it\/wp-json\/wp\/v2\/media?parent=930"}],"curies":[{"name":"wp","href":"https:\/\/api.w.org\/{rel}","templated":true}]}}