{"id":959,"date":"2017-07-07T15:37:31","date_gmt":"2017-07-07T12:37:31","guid":{"rendered":"http:\/\/planetakomforta.ru\/?page_id=959"},"modified":"2018-02-08T15:04:42","modified_gmt":"2018-02-08T12:04:42","slug":"videotree","status":"publish","type":"page","link":"https:\/\/planetakomforta.ru\/it\/videotree\/","title":{"rendered":"Videotree"},"content":{"rendered":"<p>[vc_row][vc_column][vc_column_text]La prima TV al mondo Full HD impermeabile.<br \/>\nPi\u00f9 di un decennio fa, Videotree ha rilasciato il primo impermeabile TV Full HD impermeabile al mondo ed \u00e8 partito in un viaggio incredibile di eccellenza tecnologica e innovativa.<br \/>\nLa nostra azienda \u00e8 il rappresentante ufficiale.<\/p>\n<p>Sito web:\u00a0<a href=\"http:\/\/videotree.ru\">videotree.ru<\/a>[\/vc_column_text][\/vc_column][\/vc_row]<\/p>","protected":false},"excerpt":{"rendered":"<p>[vc_row][vc_column][vc_column_text]La prima TV al mondo Full HD impermeabile. Pi\u00f9 di un decennio fa, Videotree ha rilasciato il primo impermeabile TV Full HD impermeabile al mondo ed \u00e8 partito in un viaggio incredibile di eccellenza tecnologica e innovativa. La nostra azienda \u00e8 il rappresentante ufficiale. Sito web:\u00a0videotree.ru[\/vc_column_text][\/vc_column][\/vc_row]<\/p>\n","protected":false},"author":1,"featured_media":963,"parent":0,"menu_order":1,"comment_status":"closed","ping_status":"closed","template":"","meta":[],"_links":{"self":[{"href":"https:\/\/planetakomforta.ru\/it\/wp-json\/wp\/v2\/pages\/959"}],"collection":[{"href":"https:\/\/planetakomforta.ru\/it\/wp-json\/wp\/v2\/pages"}],"about":[{"href":"https:\/\/planetakomforta.ru\/it\/wp-json\/wp\/v2\/types\/page"}],"author":[{"embeddable":true,"href":"https:\/\/planetakomforta.ru\/it\/wp-json\/wp\/v2\/users\/1"}],"replies":[{"embeddable":true,"href":"https:\/\/planetakomforta.ru\/it\/wp-json\/wp\/v2\/comments?post=959"}],"version-history":[{"count":5,"href":"https:\/\/planetakomforta.ru\/it\/wp-json\/wp\/v2\/pages\/959\/revisions"}],"predecessor-version":[{"id":1897,"href":"https:\/\/planetakomforta.ru\/it\/wp-json\/wp\/v2\/pages\/959\/revisions\/1897"}],"wp:featuredmedia":[{"embeddable":true,"href":"https:\/\/planetakomforta.ru\/it\/wp-json\/wp\/v2\/media\/963"}],"wp:attachment":[{"href":"https:\/\/planetakomforta.ru\/it\/wp-json\/wp\/v2\/media?parent=959"}],"curies":[{"name":"wp","href":"https:\/\/api.w.org\/{rel}","templated":true}]}}